{"id":215,"date":"2014-04-17T15:02:36","date_gmt":"2014-04-17T15:02:36","guid":{"rendered":"http:\/\/192.168.1.129\/demo\/?page_id=215"},"modified":"2022-06-14T11:43:01","modified_gmt":"2022-06-14T09:43:01","slug":"impressum","status":"publish","type":"page","link":"http:\/\/www.andexer.at\/?page_id=215","title":{"rendered":"Impressum"},"content":{"rendered":"<section id=\"thb-section-0\" class=\"thb-section boxed thb-skin-dark thb-skin-dark\">\n<div class=\"thb-section-extra\" data-relative=\"1\">\n<div class=\"thb-section-inner-wrapper\">\n<div id=\"thb-section-0-row-0\" class=\"thb-section-row inview\">\n<div class=\"thb-section-row-inner-wrapper\">\n<div id=\"thb-section-0-row-0-column-0\" class=\"thb-section-column thb-section-column-size-full thb-section-column-index-0 \">\n<div class=\"thb-section-column-inner-wrapper\">\n<div id=\"thb-section-0-row-0-column-0-block-0\" class=\"thb-section-column-block thb-section-column-block-thb_text_box icon-small layout-centered icon-style-a layout-style-a \" data-section=\"0\" data-row=\"0\" data-column=\"0\" data-index=\"0\">\n<div class=\"thb-section-block-content\">\n<div class=\"thb-text\">\n<h2 style=\"text-align: center;\">\u00d6sterreich: Ver\u00f6ffentlichung gem\u00e4\u00df \u00a7 5 ECG<\/h2>\n<\/div>\n<\/div>\n<\/div>\n<div id=\"thb-section-0-row-0-column-0-block-1\" class=\"thb-section-column-block thb-section-column-block-thb_text_box icon-small layout-centered icon-style-a layout-style-a \" style=\"text-align: center;\" data-section=\"0\" data-row=\"0\" data-column=\"0\" data-index=\"1\">\n<div class=\"thb-section-block-content\">\n<div class=\"thb-section-block-header\">\n<p>Herausgeber:<\/p>\n<\/div>\n<div class=\"thb-text\">\n<p>Christian Andexer Architekt<br \/>\nA 8010 Graz Rechbauerstrasse 16<br \/>\nT +43-316-821416-21, M +43-676-5086615, <a href=\"mailto:office@andexer.at\">office@andexer.at<\/a><\/p>\n<\/div>\n<\/div>\n<\/div>\n<div id=\"thb-section-0-row-0-column-0-block-2\" class=\"thb-section-column-block thb-section-column-block-thb_text_box icon-small layout-centered icon-style-a layout-style-a \" style=\"text-align: center;\" data-section=\"0\" data-row=\"0\" data-column=\"0\" data-index=\"2\">\n<div class=\"thb-section-block-content\">\n<div class=\"thb-section-block-header\">\n<p>Aufrechte Befugnis:<\/p>\n<\/div>\n<div class=\"thb-text\">\n<p>Architektur<br \/>\nZust\u00e4ndige Aufsichtsbeh\u00f6rde: <a href=\"http:\/\/www.zt.co.at\/baik\/frBody.asp?page=search\" target=\"_blank\" rel=\"noopener\">Kammer der Architekten und Ingenieurkonsulenten f\u00fcr Steiermark und K\u00e4rnten<\/a><\/p>\n<\/div>\n<\/div>\n<\/div>\n<div id=\"thb-section-0-row-0-column-0-block-3\" class=\"thb-section-column-block thb-section-column-block-thb_text_box icon-small layout-centered icon-style-a layout-style-a \" style=\"text-align: center;\" data-section=\"0\" data-row=\"0\" data-column=\"0\" data-index=\"3\">\n<div class=\"thb-section-block-content\">\n<div class=\"thb-section-block-header\">\n<p>Steuern und Abgaben:<\/p>\n<\/div>\n<div class=\"thb-text\">\n<p>UID ATU 2821 8103<\/p>\n<\/div>\n<\/div>\n<\/div>\n<div id=\"thb-section-0-row-0-column-0-block-4\" class=\"thb-section-column-block thb-section-column-block-thb_text_box icon-small layout-centered icon-style-a layout-style-a \" style=\"text-align: center;\" data-section=\"0\" data-row=\"0\" data-column=\"0\" data-index=\"4\">\n<div class=\"thb-section-block-content\">\n<div class=\"thb-section-block-header\">\n<p>Haftungshinweis<\/p>\n<\/div>\n<div class=\"thb-text\">\n<p>Alle Angaben sind vom Herausgeber nach bestem Wissen erstellt. Trotz sorgf\u00e4ltiger inhaltlicher Kontrolle \u00fcbernehmen wir keine Haftung f\u00fcr die Inhalte externer Links. F\u00fcr die Inhalte der verlinkten Seiten sind ausschlie\u00dflich deren Betreiber verantwortlich.<\/p>\n<\/div>\n<\/div>\n<\/div>\n<div id=\"thb-section-0-row-0-column-0-block-5\" class=\"thb-section-column-block thb-section-column-block-thb_text_box icon-small layout-centered icon-style-a layout-style-a \" data-section=\"0\" data-row=\"0\" data-column=\"0\" data-index=\"5\">\n<div class=\"thb-section-block-content\">\n<div class=\"thb-section-block-header\" style=\"text-align: center;\">\n<p>Urheberrecht<\/p>\n<\/div>\n<div class=\"thb-text\">\n<p style=\"text-align: center;\">Die Inhalte dieser Webseite sind urheberrechtlich gesch\u00fctzt. Alle Rechte bleiben dem Herausgeber vorbehalten. Texte, Bilder, Grafiken, Animationen und Videos dieser Webseite d\u00fcrfen ohne vorherige schriftliche Zustimmung des Herausgebers in keiner Form verwendet oder reproduziert werden, es sei denn die Informationen bzw. Grafiken etc. sind ausdr\u00fccklich f\u00fcr den weiteren Gebrauch bestimmt bzw. f\u00fcr die Weiterverarbeitung gekennzeichnet. Einige der dargestellten Webseiten enthalten auch Bilder und Texte, die dem Urheberrecht derjenigen unterliegen, die diese erstellt haben.<\/p>\n<\/div>\n<\/div>\n<\/div>\n<\/div>\n<\/div>\n<\/div>\n<\/div>\n<\/div>\n<\/div>\n<\/section>\n","protected":false},"excerpt":{"rendered":"<p>\u00d6sterreich: Ver\u00f6ffentlichung gem\u00e4\u00df \u00a7 5 ECG Herausgeber: Christian Andexer Architekt A 8010 Graz Rechbauerstrasse 16 T +43-316-821416-21, M +43-676-5086615, office@andexer.at Aufrechte Befugnis: Architektur Zust\u00e4ndige Aufsichtsbeh\u00f6rde: Kammer der Architekten und Ingenieurkonsulenten f\u00fcr Steiermark und K\u00e4rnten Steuern und Abgaben: UID ATU 2821 8103 Haftungshinweis Alle Angaben sind vom Herausgeber nach bestem Wissen erstellt. Trotz sorgf\u00e4ltiger inhaltlicher Kontrolle [&hellip;]<\/p>\n","protected":false},"author":1,"featured_media":0,"parent":0,"menu_order":0,"comment_status":"closed","ping_status":"closed","template":"","meta":{"footnotes":""},"_links":{"self":[{"href":"http:\/\/www.andexer.at\/index.php?rest_route=\/wp\/v2\/pages\/215"}],"collection":[{"href":"http:\/\/www.andexer.at\/index.php?rest_route=\/wp\/v2\/pages"}],"about":[{"href":"http:\/\/www.andexer.at\/index.php?rest_route=\/wp\/v2\/types\/page"}],"author":[{"embeddable":true,"href":"http:\/\/www.andexer.at\/index.php?rest_route=\/wp\/v2\/users\/1"}],"replies":[{"embeddable":true,"href":"http:\/\/www.andexer.at\/index.php?rest_route=%2Fwp%2Fv2%2Fcomments&post=215"}],"version-history":[{"count":8,"href":"http:\/\/www.andexer.at\/index.php?rest_route=\/wp\/v2\/pages\/215\/revisions"}],"predecessor-version":[{"id":1452,"href":"http:\/\/www.andexer.at\/index.php?rest_route=\/wp\/v2\/pages\/215\/revisions\/1452"}],"wp:attachment":[{"href":"http:\/\/www.andexer.at\/index.php?rest_route=%2Fwp%2Fv2%2Fmedia&parent=215"}],"curies":[{"name":"wp","href":"https:\/\/api.w.org\/{rel}","templated":true}]}}